{"id":53,"date":"2018-05-29T05:57:46","date_gmt":"2018-05-29T05:57:46","guid":{"rendered":"http:\/\/demo.roadthemes.com\/makali\/?page_id=53"},"modified":"2023-11-28T13:38:53","modified_gmt":"2023-11-28T13:38:53","slug":"about-us","status":"publish","type":"page","link":"https:\/\/cyraestates.com\/es\/about-us\/","title":{"rendered":"NOSOTROS"},"content":{"rendered":"<div class=\"vc_row wpb_row vc_row-fluid about-introduce\"><div class=\"row-container\"><div class=\"wpb_animate_when_almost_visible wpb_fadeInLeft fadeInLeft wpb_column vc_column_container vc_col-sm-6\"><div class=\"vc_column-inner\"><div class=\"wpb_wrapper\">\n\t<div class=\"wpb_text_column wpb_content_element\" >\n\t\t<div class=\"wpb_wrapper\">\n\t\t\t<p style=\"text-align: left;\">Creamos Cyra Estates para fabricar cigarros premium de alta calidad con habilidad y perfeccionismo suizo, el propietario de Cyra Estates es un profesional de Suiza. <img loading=\"lazy\" decoding=\"async\" class=\"img-flag-text alignnone wp-image-2754 size-full\" src=\"https:\/\/cyraestates.com\/wp-content\/uploads\/2022\/05\/ch2.jpg\" alt=\"\" width=\"16\" height=\"16\" \/>Es un entusiasta del cigarro y epic\u00fareo. Comenz\u00f3 hace muchos a\u00f1os a hacer sus propios cigarros para el consumo personal y de amigos cercanos. Pero esto no fue suficiente; necesitaba dominar la producci\u00f3n total para garantizar la calidad que buscaba.<\/p>\n<p style=\"text-align: left;\">Despu\u00e9s de largas reflexiones, naci\u00f3 Cyra Estates para producir sus puros. La empresa ahora est\u00e1 disponible para producir y crear cigarros especiales para otras marcas que tienen los mismos altos est\u00e1ndares de calidad.<\/p>\n<p style=\"text-align: left;\">Cyra Estates se dedica a producir cigarros de alta calidad \u2013 Premium \u2013 con materia prima seleccionada, clasificada, tratada y procesada de los mejores especialistas en tabaco. Los cigarros son fabricados por expertos estancos con larga experiencia para garantizar un acabado perfecto.<\/p>\n\n\t\t<\/div>\n\t<\/div>\n<\/div><\/div><\/div><div class=\"wpb_animate_when_almost_visible wpb_fadeInRight fadeInRight wpb_column vc_column_container vc_col-sm-6\"><div class=\"vc_column-inner\"><div class=\"wpb_wrapper\">\n\t<div class=\"wpb_video_widget wpb_content_element vc_clearfix   vc_video-aspect-ratio-169 vc_video-el-width-100 vc_video-align-center\" >\n\t\t<div class=\"wpb_wrapper\">\n\t\t\t\n\t\t\t<div class=\"wpb_video_wrapper\"><iframe loading=\"lazy\" title=\"Cyra Estates LLC\" width=\"500\" height=\"281\" src=\"https:\/\/www.youtube.com\/embed\/6ybI8vRjcOQ?feature=oembed\" frameborder=\"0\" allow=\"accelerometer; autoplay; clipboard-write; encrypted-media; gyroscope; picture-in-picture; web-share\" referrerpolicy=\"strict-origin-when-cross-origin\" allowfullscreen><\/iframe><\/div>\n\t\t<\/div>\n\t<\/div>\n<\/div><\/div><\/div><\/div><\/div><div class=\"vc_row wpb_row vc_row-fluid vc_custom_1651933266801 vc_row-has-fill\"><div class=\"row-container\"><div class=\"wpb_column vc_column_container vc_col-sm-6\"><div class=\"vc_column-inner\"><div class=\"wpb_wrapper\">\n\t<div class=\"wpb_text_column wpb_content_element  vc_custom_1651933244278\" >\n\t\t<div class=\"wpb_wrapper\">\n\t\t\t<p style=\"text-align: justify;\">Fomentamos el cultivo rotativo y prohibimos todos los productos qu\u00edmicos en nuestra f\u00e1brica. Practicamos la desinfecci\u00f3n en fr\u00edo para evitar la propagaci\u00f3n de insectos nocivos para el tabaco. Invertimos mucha energ\u00eda en optimizar cada paso del proceso de fabricaci\u00f3n para mejorar la calidad. Nos aseguramos de que todo lo que se diga sobre nuestros cigarros sea estrictamente veraz y no una descripci\u00f3n no realista e imaginaria.<\/p>\n<p style=\"text-align: justify;\">Cyra Estates practice cold disinfection to avoid the spread of insects harmful to tobacco. We spend a lot of energy to optimize each step of the manufacturing process in order to improve quality. We make it a point to ensure that everything that is said about our cigars is strictly truthful and not a fanciful and imaginary description.<\/p>\n\n\t\t<\/div>\n\t<\/div>\n<div class=\"vc_empty_space\"   style=\"height: 12px\"><span class=\"vc_empty_space_inner\"><\/span><\/div>\n\t<div class=\"wpb_text_column wpb_content_element\" >\n\t\t<div class=\"wpb_wrapper\">\n\t\t\t<h3><a href=\"https:\/\/cyraestates.com\/es\/contact\/\"><span style=\"color: #008000;\">Si tiene alguna pregunta, no dude en ponerse en contacto con nosotros. <\/span><\/a><\/h3>\n\n\t\t<\/div>\n\t<\/div>\n<\/div><\/div><\/div><div class=\"wpb_column vc_column_container vc_col-sm-6\"><div class=\"vc_column-inner\"><div class=\"wpb_wrapper\">\n\t<div  class=\"wpb_single_image wpb_content_element vc_align_center\">\n\t\t\n\t\t<figure class=\"wpb_wrapper vc_figure\">\n\t\t\t<div class=\"vc_single_image-wrapper vc_box_rounded  vc_box_border_grey\"><img loading=\"lazy\" decoding=\"async\" class=\"vc_single_image-img\" src=\"https:\/\/cyraestates.com\/wp-content\/uploads\/2022\/05\/IMG_3519-480x300.jpg\" width=\"480\" height=\"300\" alt=\"IMG_3519\" title=\"IMG_3519\" \/><\/div>\n\t\t<\/figure>\n\t<\/div>\n<\/div><\/div><\/div><\/div><\/div><div class=\"vc_row wpb_row vc_row-fluid\"><div class=\"row-container\"><div class=\"wpb_column vc_column_container vc_col-sm-12\"><div class=\"vc_column-inner\"><div class=\"wpb_wrapper\"><div class=\"vc_empty_space\"   style=\"height: 32px\"><span class=\"vc_empty_space_inner\"><\/span><\/div><\/div><\/div><\/div><\/div><\/div>","protected":false},"excerpt":{"rendered":"We created Cyra Estates to fabricate high quality premium cigars with skill and swiss perfectionism, the owner of Cyra Estates is a professional from Switzerland . He is a cigar enthusiast and epicurean. He started many years ago to make","protected":false},"author":2,"featured_media":0,"parent":0,"menu_order":0,"comment_status":"closed","ping_status":"closed","template":"","meta":{"footnotes":""},"class_list":["post-53","page","type-page","status-publish","hentry"],"_links":{"self":[{"href":"https:\/\/cyraestates.com\/es\/wp-json\/wp\/v2\/pages\/53","targetHints":{"allow":["GET"]}}],"collection":[{"href":"https:\/\/cyraestates.com\/es\/wp-json\/wp\/v2\/pages"}],"about":[{"href":"https:\/\/cyraestates.com\/es\/wp-json\/wp\/v2\/types\/page"}],"author":[{"embeddable":true,"href":"https:\/\/cyraestates.com\/es\/wp-json\/wp\/v2\/users\/2"}],"replies":[{"embeddable":true,"href":"https:\/\/cyraestates.com\/es\/wp-json\/wp\/v2\/comments?post=53"}],"version-history":[{"count":46,"href":"https:\/\/cyraestates.com\/es\/wp-json\/wp\/v2\/pages\/53\/revisions"}],"predecessor-version":[{"id":2791,"href":"https:\/\/cyraestates.com\/es\/wp-json\/wp\/v2\/pages\/53\/revisions\/2791"}],"wp:attachment":[{"href":"https:\/\/cyraestates.com\/es\/wp-json\/wp\/v2\/media?parent=53"}],"curies":[{"name":"wp","href":"https:\/\/api.w.org\/{rel}","templated":true}]}}