{"id":1799,"date":"2022-04-21T14:03:00","date_gmt":"2022-04-21T14:03:00","guid":{"rendered":"\/?page_id=1799"},"modified":"2023-11-28T13:37:27","modified_gmt":"2023-11-28T13:37:27","slug":"our-brands","status":"publish","type":"page","link":"https:\/\/cyraestates.com\/es\/our-brands\/","title":{"rendered":"NUESTRAS MARCAS"},"content":{"rendered":"<div class=\"vc_row wpb_row vc_row-fluid\"><div class=\"row-container\"><div class=\"wpb_animate_when_almost_visible wpb_fadeInLeft fadeInLeft wpb_column vc_column_container vc_col-sm-6\"><div class=\"vc_column-inner\"><div class=\"wpb_wrapper\">\n\t<div class=\"wpb_text_column wpb_content_element\" >\n\t\t<div class=\"wpb_wrapper\">\n\t\t\t<h2><span style=\"color: #339966;\"><strong>Cinco de nuestras marcas en producci\u00f3n actualmente:<\/strong><\/span><\/h2>\n<p><strong>Tres Hermanos: <\/strong>Nuestra marca insignia. Tres Hermanos est\u00e1 hecho de una mezcla de tabacos de primera calidad. Sus aromas bien equilibrados ofrecen una maravillosa experiencia de fumar. Un cigarro premium de hoja larga con Capa habano, Capote Sumatra Ecuador, Tripa Criollo 98, Piloto Cubano y Pennsylvania.<\/p>\n<p><strong>Gurabo: <\/strong>Esta marca es un gui\u00f1o a nuestra zona de producci\u00f3n. Ofrece un poderoso humo de tipo dominicano con su mezcla bien elegida. Es un cigarro premium de hoja larga con San Andres, Capote Sumatra Ecuador, Tripa Corojo, Criollo 98 y Piloto Cubano.<\/p>\n<p><strong>Doctor&#8217;s Cigar: <\/strong>Cigarro de hoja larga de excelente calidad con Capa Habano Ecuador, Capote Criollo 98, Tripa Corojo, Piloto Cubano y Pennsylvania. Este cigarro est\u00e1 hecho de una manera m\u00e1s suave e ideal para relajarse y tomar un descanso f\u00e1cil con un compa\u00f1ero perfecto para fumar. Los m\u00e9dicos dicen que relajarse es importante, \u00bfno? \u00a1As\u00ed que t\u00f3mate un descanso y rel\u00e1jate con un cigarro!<\/p>\n<p><strong>President: <\/strong>Es un puro de hoja larga mezclada elaborado para satisfacer el gusto de los fumadores m\u00e1s sofisticados.<\/p>\n\n\t\t<\/div>\n\t<\/div>\n<\/div><\/div><\/div><div class=\"wpb_animate_when_almost_visible wpb_fadeInRight fadeInRight wpb_column vc_column_container vc_col-sm-6\"><div class=\"vc_column-inner\"><div class=\"wpb_wrapper\">\n\t<div  class=\"wpb_single_image wpb_content_element vc_align_center\">\n\t\t\n\t\t<figure class=\"wpb_wrapper vc_figure\">\n\t\t\t<div class=\"vc_single_image-wrapper vc_box_rounded  vc_box_border_grey\"><img loading=\"lazy\" decoding=\"async\" width=\"600\" height=\"480\" src=\"https:\/\/cyraestates.com\/wp-content\/uploads\/2022\/05\/IMG_3448.png\" class=\"vc_single_image-img attachment-full\" alt=\"\" title=\"tres hermanos\" srcset=\"https:\/\/cyraestates.com\/wp-content\/uploads\/2022\/05\/IMG_3448.png 600w, https:\/\/cyraestates.com\/wp-content\/uploads\/2022\/05\/IMG_3448-300x240.png 300w, https:\/\/cyraestates.com\/wp-content\/uploads\/2022\/05\/IMG_3448-150x120.png 150w\" sizes=\"auto, (max-width: 600px) 100vw, 600px\" \/><\/div>\n\t\t<\/figure>\n\t<\/div>\n\n\t<div class=\"wpb_text_column wpb_content_element\" >\n\t\t<div class=\"wpb_wrapper\">\n\t\t\t<p style=\"text-align: center;\">&#8212; <strong>Tres Hermanos &#8212;<\/strong><\/p>\n\n\t\t<\/div>\n\t<\/div>\n<\/div><\/div><\/div><\/div><\/div>","protected":false},"excerpt":{"rendered":"Five of our brands in current production: Tres Hermanos: Our flagship brand. Tres Hermanos is made out of a blend of premium tobaccoes. Its well balanced aromas offer a wonderful smoking experience. A premium long- leaved cigar with Capa habano,","protected":false},"author":2,"featured_media":0,"parent":0,"menu_order":0,"comment_status":"closed","ping_status":"closed","template":"","meta":{"footnotes":""},"class_list":["post-1799","page","type-page","status-publish","hentry"],"_links":{"self":[{"href":"https:\/\/cyraestates.com\/es\/wp-json\/wp\/v2\/pages\/1799","targetHints":{"allow":["GET"]}}],"collection":[{"href":"https:\/\/cyraestates.com\/es\/wp-json\/wp\/v2\/pages"}],"about":[{"href":"https:\/\/cyraestates.com\/es\/wp-json\/wp\/v2\/types\/page"}],"author":[{"embeddable":true,"href":"https:\/\/cyraestates.com\/es\/wp-json\/wp\/v2\/users\/2"}],"replies":[{"embeddable":true,"href":"https:\/\/cyraestates.com\/es\/wp-json\/wp\/v2\/comments?post=1799"}],"version-history":[{"count":10,"href":"https:\/\/cyraestates.com\/es\/wp-json\/wp\/v2\/pages\/1799\/revisions"}],"predecessor-version":[{"id":2788,"href":"https:\/\/cyraestates.com\/es\/wp-json\/wp\/v2\/pages\/1799\/revisions\/2788"}],"wp:attachment":[{"href":"https:\/\/cyraestates.com\/es\/wp-json\/wp\/v2\/media?parent=1799"}],"curies":[{"name":"wp","href":"https:\/\/api.w.org\/{rel}","templated":true}]}}